{"id":105,"date":"2026-03-17T03:03:23","date_gmt":"2026-03-17T03:03:23","guid":{"rendered":"https:\/\/livelihn.com\/?page_id=105"},"modified":"2026-03-24T23:29:30","modified_gmt":"2026-03-24T23:29:30","slug":"105-2","status":"publish","type":"page","link":"https:\/\/livelihn.com\/?page_id=105","title":{"rendered":"Sobre Liveli"},"content":{"rendered":"<p>[et_pb_section fb_built=&#8221;1&#8243; _builder_version=&#8221;4.18.0&#8243; _module_preset=&#8221;default&#8221; custom_padding=&#8221;0px|||||&#8221; global_colors_info=&#8221;{}&#8221;][et_pb_row _builder_version=&#8221;4.18.0&#8243; _module_preset=&#8221;default&#8221; custom_padding=&#8221;||0px|||&#8221; global_colors_info=&#8221;{}&#8221;][et_pb_column type=&#8221;4_4&#8243; _builder_version=&#8221;4.18.0&#8243; _module_preset=&#8221;default&#8221; global_colors_info=&#8221;{}&#8221;][et_pb_text _builder_version=&#8221;4.18.0&#8243; _module_preset=&#8221;default&#8221; text_font_size=&#8221;12px&#8221; text_line_height=&#8221;1.5em&#8221; header_2_font=&#8221;Raleway|700|||||||&#8221; header_2_font_size=&#8221;74px&#8221; min_height=&#8221;10px&#8221; custom_padding=&#8221;57px||0px||false|false&#8221; global_colors_info=&#8221;{}&#8221;]<\/p>\n<h2><strong>Acerca de <span style=\"color: #c1583b;\">Liveli<\/span><\/strong><\/h2>\n<p>[\/et_pb_text][et_pb_text _builder_version=&#8221;4.18.0&#8243; _module_preset=&#8221;default&#8221; text_font=&#8221;Raleway||||||||&#8221; text_font_size=&#8221;19px&#8221; text_line_height=&#8221;1.8em&#8221; hover_enabled=&#8221;0&#8243; global_colors_info=&#8221;{}&#8221; sticky_enabled=&#8221;0&#8243;]<\/p>\n<p>Liveli es una empresa de muebles y decoraci\u00f3n en Tegucigalpa que combina dise\u00f1o contempor\u00e1neo, funcionalidad y estilo de vida; ofreciendo piezas cuidadosamente seleccionadas para transformar hogares con elegancia y comodidad. Nuestra tienda principal se encuentra en Lomas del Guijarro, dentro del Edificio Bessie.<\/p>\n<p>[\/et_pb_text][\/et_pb_column][\/et_pb_row][\/et_pb_section][et_pb_section fb_built=&#8221;1&#8243; _builder_version=&#8221;4.18.0&#8243; _module_preset=&#8221;default&#8221; custom_padding=&#8221;0px|||||&#8221; global_colors_info=&#8221;{}&#8221;][et_pb_row column_structure=&#8221;1_4,3_4&#8243; _builder_version=&#8221;4.18.0&#8243; _module_preset=&#8221;default&#8221; width=&#8221;74.9%&#8221; custom_margin=&#8221;|248px|56px|341px||&#8221; global_colors_info=&#8221;{}&#8221;][et_pb_column type=&#8221;1_4&#8243; _builder_version=&#8221;4.18.0&#8243; _module_preset=&#8221;default&#8221; global_colors_info=&#8221;{}&#8221;][et_pb_blurb use_icon=&#8221;on&#8221; font_icon=&#8221;&#xf140;||fa||900&#8243; icon_color=&#8221;#c1583b&#8221; image_icon_width=&#8221;140px&#8221; _builder_version=&#8221;4.18.0&#8243; _module_preset=&#8221;default&#8221; image_icon_custom_margin=&#8221;-32px||||false|false&#8221; global_colors_info=&#8221;{}&#8221;][\/et_pb_blurb][\/et_pb_column][et_pb_column type=&#8221;3_4&#8243; _builder_version=&#8221;4.18.0&#8243; _module_preset=&#8221;default&#8221; global_colors_info=&#8221;{}&#8221;][et_pb_text _builder_version=&#8221;4.18.0&#8243; _module_preset=&#8221;default&#8221; text_font=&#8221;Raleway||||||||&#8221; text_font_size=&#8221;20px&#8221; text_line_height=&#8221;1.8em&#8221; header_font=&#8221;Raleway|700|||||||&#8221; width=&#8221;68%&#8221; custom_margin=&#8221;-28px||||false|false&#8221; custom_padding=&#8221;0px||||false|false&#8221; global_colors_info=&#8221;{}&#8221;]<\/p>\n<h1>Nuestra Misi\u00f3n<\/h1>\n<p>Posicionar a Liveli como la marca que inspira y acompa\u00f1a a transformar espacios en hogares sofisticados, c\u00e1lidos y accesibles, generando una comunidad digital activa y aspiraciones en Instagram y Tik Tok<\/p>\n<p>[\/et_pb_text][\/et_pb_column][\/et_pb_row][et_pb_row column_structure=&#8221;1_4,3_4&#8243; _builder_version=&#8221;4.18.0&#8243; _module_preset=&#8221;default&#8221; width=&#8221;74.9%&#8221; custom_margin=&#8221;|248px|56px|341px||&#8221; global_colors_info=&#8221;{}&#8221;][et_pb_column type=&#8221;1_4&#8243; _builder_version=&#8221;4.18.0&#8243; _module_preset=&#8221;default&#8221; global_colors_info=&#8221;{}&#8221;][et_pb_blurb use_icon=&#8221;on&#8221; font_icon=&#8221;&#xf06e;||fa||900&#8243; icon_color=&#8221;#c1583b&#8221; image_icon_width=&#8221;140px&#8221; _builder_version=&#8221;4.18.0&#8243; _module_preset=&#8221;default&#8221; image_icon_custom_margin=&#8221;-32px||||false|false&#8221; global_colors_info=&#8221;{}&#8221;][\/et_pb_blurb][\/et_pb_column][et_pb_column type=&#8221;3_4&#8243; _builder_version=&#8221;4.18.0&#8243; _module_preset=&#8221;default&#8221; global_colors_info=&#8221;{}&#8221;][et_pb_text _builder_version=&#8221;4.18.0&#8243; _module_preset=&#8221;default&#8221; text_font=&#8221;Raleway||||||||&#8221; text_font_size=&#8221;20px&#8221; text_line_height=&#8221;1.8em&#8221; header_font=&#8221;Raleway|700|||||||&#8221; width=&#8221;68%&#8221; custom_margin=&#8221;-28px||||false|false&#8221; custom_padding=&#8221;0px||0px||false|false&#8221; global_colors_info=&#8221;{}&#8221;]<\/p>\n<h1>Nuestra Visi\u00f3n<\/h1>\n<p>En Liveli creemos que tu hogar es un reflejo de tu esencia. Creamos colecciones que no solo decoran, sino que te acompa\u00f1an, llenando cada espacio de calidez, equilibrio e inspiraci\u00f3n.<\/p>\n<p>[\/et_pb_text][\/et_pb_column][\/et_pb_row][et_pb_row column_structure=&#8221;1_4,3_4&#8243; _builder_version=&#8221;4.18.0&#8243; _module_preset=&#8221;default&#8221; width=&#8221;74.9%&#8221; custom_margin=&#8221;|248px|56px|341px||&#8221; global_colors_info=&#8221;{}&#8221;][et_pb_column type=&#8221;1_4&#8243; _builder_version=&#8221;4.18.0&#8243; _module_preset=&#8221;default&#8221; global_colors_info=&#8221;{}&#8221;][et_pb_blurb use_icon=&#8221;on&#8221; font_icon=&#8221;&#xf3a5;||fa||400&#8243; icon_color=&#8221;#c1583b&#8221; image_icon_width=&#8221;140px&#8221; _builder_version=&#8221;4.18.0&#8243; _module_preset=&#8221;default&#8221; image_icon_custom_margin=&#8221;-32px||||false|false&#8221; global_colors_info=&#8221;{}&#8221;][\/et_pb_blurb][\/et_pb_column][et_pb_column type=&#8221;3_4&#8243; _builder_version=&#8221;4.18.0&#8243; _module_preset=&#8221;default&#8221; global_colors_info=&#8221;{}&#8221;][et_pb_text _builder_version=&#8221;4.18.0&#8243; _module_preset=&#8221;default&#8221; text_font=&#8221;Raleway||||||||&#8221; text_font_size=&#8221;20px&#8221; text_line_height=&#8221;1.8em&#8221; header_font=&#8221;Raleway|700|||||||&#8221; width=&#8221;68%&#8221; custom_margin=&#8221;-28px||||false|false&#8221; custom_padding=&#8221;0px||0px||false|false&#8221; global_colors_info=&#8221;{}&#8221;]<\/p>\n<h1>Nuestros Valores<\/h1>\n<p>En Liveli creemos que tu hogar es un reflejo de quien eres. Por eso dise\u00f1amos colecciones que no solo decoran, sino que hacen que cada espacio se sienta bien cada vez que lo habitas.<\/p>\n<p>[\/et_pb_text][\/et_pb_column][\/et_pb_row][\/et_pb_section]<\/p>\n","protected":false},"excerpt":{"rendered":"<p>Acerca de LiveliLiveli es una empresa de muebles y decoraci\u00f3n en Tegucigalpa que combina dise\u00f1o contempor\u00e1neo, funcionalidad y estilo de vida; ofreciendo piezas cuidadosamente seleccionadas para transformar hogares con elegancia y comodidad. Nuestra tienda principal se encuentra en Lomas del Guijarro, dentro del Edificio Bessie.Nuestra Misi\u00f3n Posicionar a Liveli como la marca que inspira y [&hellip;]<\/p>\n","protected":false},"author":3,"featured_media":0,"parent":0,"menu_order":0,"comment_status":"closed","ping_status":"closed","template":"","meta":{"_et_pb_use_builder":"on","_et_pb_old_content":"","_et_gb_content_width":"","footnotes":""},"class_list":["post-105","page","type-page","status-publish","hentry"],"_links":{"self":[{"href":"https:\/\/livelihn.com\/index.php?rest_route=\/wp\/v2\/pages\/105","targetHints":{"allow":["GET"]}}],"collection":[{"href":"https:\/\/livelihn.com\/index.php?rest_route=\/wp\/v2\/pages"}],"about":[{"href":"https:\/\/livelihn.com\/index.php?rest_route=\/wp\/v2\/types\/page"}],"author":[{"embeddable":true,"href":"https:\/\/livelihn.com\/index.php?rest_route=\/wp\/v2\/users\/3"}],"replies":[{"embeddable":true,"href":"https:\/\/livelihn.com\/index.php?rest_route=%2Fwp%2Fv2%2Fcomments&post=105"}],"version-history":[{"count":15,"href":"https:\/\/livelihn.com\/index.php?rest_route=\/wp\/v2\/pages\/105\/revisions"}],"predecessor-version":[{"id":899,"href":"https:\/\/livelihn.com\/index.php?rest_route=\/wp\/v2\/pages\/105\/revisions\/899"}],"wp:attachment":[{"href":"https:\/\/livelihn.com\/index.php?rest_route=%2Fwp%2Fv2%2Fmedia&parent=105"}],"curies":[{"name":"wp","href":"https:\/\/api.w.org\/{rel}","templated":true}]}}